{"id":199,"date":"2024-04-25T14:41:28","date_gmt":"2024-04-25T14:41:28","guid":{"rendered":"https:\/\/www.gounod-nice.fr\/tourism-in-nice-activities-surroundings\/plages-de-nice\/"},"modified":"2024-07-09T08:02:26","modified_gmt":"2024-07-09T08:02:26","slug":"plages-de-nice","status":"publish","type":"page","link":"https:\/\/www.gounod-nice.fr\/en\/tourism-in-nice-activities-surroundings\/plages-de-nice\/","title":{"rendered":"Plages de Nice"},"content":{"rendered":"<p style=\"text-align: center;\">Treat yourself to moments of well-being on<strong> Nice&#8217;s beaches<\/strong>, as the Hotel Gounod is just <strong>5 minutes&#8217; walk from the seafront<\/strong>.<\/p>\n<p style=\"text-align: center;\">This proximity to the Mediterranean coast means you can enjoy a multitude of<strong> seaside activities.<\/strong> Our establishment is also close to the Promenade des Anglais, home to Nice&#8217;s best beaches.<\/p>\n<p style=\"text-align: center;\">Nice&#8217;s coastline adapts to everyone&#8217;s needs. For example, the public Voilier beach, located next to the Mediterranean University Center, is ideal for families thanks to its playground. Renowned for its tranquility, the long Lenval beach is the ideal spot for windsurfers. Pets are also welcome. The facilities at Plage du Centenaire, opposite the Jardin Albert 1er, are ideal for people with reduced mobility. This public beach also has a private beach, Le Galion, with a restaurant, bar and mattress rentals.<\/p>\n<p style=\"text-align: center;\">For greater intimacy, farniente fans can opt for a private area, such as Cocoon Beach Club, R\u00e9gence Plage By Radisson Blu or Miami Beach. The latter trendy venue features a children&#8217;s corner, a p\u00e9tanque court and a lounge area &#8211; ideal for spending pleasant moments on the shores of the Nice coast.<\/p>\n","protected":false},"excerpt":{"rendered":"<p>Treat yourself to moments of well-being on Nice&#8217;s beaches, as the Hotel Gounod is just 5 minutes&#8217; walk from the seafront. This proximity to the Mediterranean coast means you can enjoy a multitude of seaside activities. Our establishment is also close to the Promenade des Anglais, home to Nice&#8217;s best beaches. Nice&#8217;s coastline adapts to [&hellip;]<\/p>\n","protected":false},"author":27,"featured_media":0,"parent":192,"menu_order":0,"comment_status":"closed","ping_status":"closed","template":"template-surroundings.php","meta":{"footnotes":""},"class_list":["post-199","page","type-page","status-publish","hentry"],"yoast_head":"<!-- This site is optimized with the Yoast SEO plugin v27.3 - https:\/\/yoast.com\/product\/yoast-seo-wordpress\/ -->\n<title>Plages de Nice | H\u00f4tel Gounod Nice<\/title>\n<meta name=\"description\" content=\"D\u00e9couvrez l&#039;H\u00f4tel de luxe Gounod \u00e0 Nice, un boutique h\u00f4tel en centre ville et \u00e0 proximit\u00e9 des plages . Design Art d\u00e9co et tradition familiale pour un s\u00e9jour de charme\" \/>\n<meta name=\"robots\" content=\"index, follow, max-snippet:-1, max-image-preview:large, max-video-preview:-1\" \/>\n<link rel=\"canonical\" href=\"https:\/\/www.gounod-nice.fr\/en\/tourism-in-nice-activities-surroundings\/plages-de-nice\/\" \/>\n<meta property=\"og:locale\" content=\"en_US\" \/>\n<meta property=\"og:type\" content=\"article\" \/>\n<meta property=\"og:title\" content=\"Plages de Nice | H\u00f4tel Gounod Nice\" \/>\n<meta property=\"og:description\" content=\"D\u00e9couvrez l&#039;H\u00f4tel de luxe Gounod \u00e0 Nice, un boutique h\u00f4tel en centre ville et \u00e0 proximit\u00e9 des plages . Design Art d\u00e9co et tradition familiale pour un s\u00e9jour de charme\" \/>\n<meta property=\"og:url\" content=\"https:\/\/www.gounod-nice.fr\/en\/tourism-in-nice-activities-surroundings\/plages-de-nice\/\" \/>\n<meta property=\"og:site_name\" content=\"Hotel Gounod Nice\" \/>\n<meta property=\"article:modified_time\" content=\"2024-07-09T08:02:26+00:00\" \/>\n<meta name=\"twitter:card\" content=\"summary_large_image\" \/>\n<meta name=\"twitter:label1\" content=\"Est. reading time\" \/>\n\t<meta name=\"twitter:data1\" content=\"1 minute\" \/>\n<script type=\"application\/ld+json\" class=\"yoast-schema-graph\">{\"@context\":\"https:\\\/\\\/schema.org\",\"@graph\":[{\"@type\":\"WebPage\",\"@id\":\"https:\\\/\\\/www.gounod-nice.fr\\\/en\\\/tourism-in-nice-activities-surroundings\\\/plages-de-nice\\\/\",\"url\":\"https:\\\/\\\/www.gounod-nice.fr\\\/en\\\/tourism-in-nice-activities-surroundings\\\/plages-de-nice\\\/\",\"name\":\"Plages de Nice | H\u00f4tel Gounod Nice\",\"isPartOf\":{\"@id\":\"https:\\\/\\\/www.gounod-nice.fr\\\/en\\\/#website\"},\"datePublished\":\"2024-04-25T14:41:28+00:00\",\"dateModified\":\"2024-07-09T08:02:26+00:00\",\"description\":\"D\u00e9couvrez l'H\u00f4tel de luxe Gounod \u00e0 Nice, un boutique h\u00f4tel en centre ville et \u00e0 proximit\u00e9 des plages . Design Art d\u00e9co et tradition familiale pour un s\u00e9jour de charme\",\"breadcrumb\":{\"@id\":\"https:\\\/\\\/www.gounod-nice.fr\\\/en\\\/tourism-in-nice-activities-surroundings\\\/plages-de-nice\\\/#breadcrumb\"},\"inLanguage\":\"en-US\",\"potentialAction\":[{\"@type\":\"ReadAction\",\"target\":[\"https:\\\/\\\/www.gounod-nice.fr\\\/en\\\/tourism-in-nice-activities-surroundings\\\/plages-de-nice\\\/\"]}]},{\"@type\":\"BreadcrumbList\",\"@id\":\"https:\\\/\\\/www.gounod-nice.fr\\\/en\\\/tourism-in-nice-activities-surroundings\\\/plages-de-nice\\\/#breadcrumb\",\"itemListElement\":[{\"@type\":\"ListItem\",\"position\":1,\"name\":\"Home\",\"item\":\"https:\\\/\\\/www.gounod-nice.fr\\\/en\\\/\"},{\"@type\":\"ListItem\",\"position\":2,\"name\":\"Tourism in Nice &#8211; Activities &#038; Surroundings\",\"item\":\"https:\\\/\\\/www.gounod-nice.fr\\\/en\\\/tourism-in-nice-activities-surroundings\\\/\"},{\"@type\":\"ListItem\",\"position\":3,\"name\":\"Plages de Nice\"}]},{\"@type\":\"WebSite\",\"@id\":\"https:\\\/\\\/www.gounod-nice.fr\\\/en\\\/#website\",\"url\":\"https:\\\/\\\/www.gounod-nice.fr\\\/en\\\/\",\"name\":\"Hotel Gounod Nice\",\"description\":\"\",\"potentialAction\":[{\"@type\":\"SearchAction\",\"target\":{\"@type\":\"EntryPoint\",\"urlTemplate\":\"https:\\\/\\\/www.gounod-nice.fr\\\/en\\\/?s={search_term_string}\"},\"query-input\":{\"@type\":\"PropertyValueSpecification\",\"valueRequired\":true,\"valueName\":\"search_term_string\"}}],\"inLanguage\":\"en-US\"}]}<\/script>\n<!-- \/ Yoast SEO plugin. -->","yoast_head_json":{"title":"Plages de Nice | H\u00f4tel Gounod Nice","description":"D\u00e9couvrez l'H\u00f4tel de luxe Gounod \u00e0 Nice, un boutique h\u00f4tel en centre ville et \u00e0 proximit\u00e9 des plages . Design Art d\u00e9co et tradition familiale pour un s\u00e9jour de charme","robots":{"index":"index","follow":"follow","max-snippet":"max-snippet:-1","max-image-preview":"max-image-preview:large","max-video-preview":"max-video-preview:-1"},"canonical":"https:\/\/www.gounod-nice.fr\/en\/tourism-in-nice-activities-surroundings\/plages-de-nice\/","og_locale":"en_US","og_type":"article","og_title":"Plages de Nice | H\u00f4tel Gounod Nice","og_description":"D\u00e9couvrez l'H\u00f4tel de luxe Gounod \u00e0 Nice, un boutique h\u00f4tel en centre ville et \u00e0 proximit\u00e9 des plages . Design Art d\u00e9co et tradition familiale pour un s\u00e9jour de charme","og_url":"https:\/\/www.gounod-nice.fr\/en\/tourism-in-nice-activities-surroundings\/plages-de-nice\/","og_site_name":"Hotel Gounod Nice","article_modified_time":"2024-07-09T08:02:26+00:00","twitter_card":"summary_large_image","twitter_misc":{"Est. reading time":"1 minute"},"schema":{"@context":"https:\/\/schema.org","@graph":[{"@type":"WebPage","@id":"https:\/\/www.gounod-nice.fr\/en\/tourism-in-nice-activities-surroundings\/plages-de-nice\/","url":"https:\/\/www.gounod-nice.fr\/en\/tourism-in-nice-activities-surroundings\/plages-de-nice\/","name":"Plages de Nice | H\u00f4tel Gounod Nice","isPartOf":{"@id":"https:\/\/www.gounod-nice.fr\/en\/#website"},"datePublished":"2024-04-25T14:41:28+00:00","dateModified":"2024-07-09T08:02:26+00:00","description":"D\u00e9couvrez l'H\u00f4tel de luxe Gounod \u00e0 Nice, un boutique h\u00f4tel en centre ville et \u00e0 proximit\u00e9 des plages . Design Art d\u00e9co et tradition familiale pour un s\u00e9jour de charme","breadcrumb":{"@id":"https:\/\/www.gounod-nice.fr\/en\/tourism-in-nice-activities-surroundings\/plages-de-nice\/#breadcrumb"},"inLanguage":"en-US","potentialAction":[{"@type":"ReadAction","target":["https:\/\/www.gounod-nice.fr\/en\/tourism-in-nice-activities-surroundings\/plages-de-nice\/"]}]},{"@type":"BreadcrumbList","@id":"https:\/\/www.gounod-nice.fr\/en\/tourism-in-nice-activities-surroundings\/plages-de-nice\/#breadcrumb","itemListElement":[{"@type":"ListItem","position":1,"name":"Home","item":"https:\/\/www.gounod-nice.fr\/en\/"},{"@type":"ListItem","position":2,"name":"Tourism in Nice &#8211; Activities &#038; Surroundings","item":"https:\/\/www.gounod-nice.fr\/en\/tourism-in-nice-activities-surroundings\/"},{"@type":"ListItem","position":3,"name":"Plages de Nice"}]},{"@type":"WebSite","@id":"https:\/\/www.gounod-nice.fr\/en\/#website","url":"https:\/\/www.gounod-nice.fr\/en\/","name":"Hotel Gounod Nice","description":"","potentialAction":[{"@type":"SearchAction","target":{"@type":"EntryPoint","urlTemplate":"https:\/\/www.gounod-nice.fr\/en\/?s={search_term_string}"},"query-input":{"@type":"PropertyValueSpecification","valueRequired":true,"valueName":"search_term_string"}}],"inLanguage":"en-US"}]}},"acf":[],"_links":{"self":[{"href":"https:\/\/www.gounod-nice.fr\/en\/wp-json\/wp\/v2\/pages\/199","targetHints":{"allow":["GET"]}}],"collection":[{"href":"https:\/\/www.gounod-nice.fr\/en\/wp-json\/wp\/v2\/pages"}],"about":[{"href":"https:\/\/www.gounod-nice.fr\/en\/wp-json\/wp\/v2\/types\/page"}],"author":[{"embeddable":true,"href":"https:\/\/www.gounod-nice.fr\/en\/wp-json\/wp\/v2\/users\/27"}],"replies":[{"embeddable":true,"href":"https:\/\/www.gounod-nice.fr\/en\/wp-json\/wp\/v2\/comments?post=199"}],"version-history":[{"count":0,"href":"https:\/\/www.gounod-nice.fr\/en\/wp-json\/wp\/v2\/pages\/199\/revisions"}],"up":[{"embeddable":true,"href":"https:\/\/www.gounod-nice.fr\/en\/wp-json\/wp\/v2\/pages\/192"}],"wp:attachment":[{"href":"https:\/\/www.gounod-nice.fr\/en\/wp-json\/wp\/v2\/media?parent=199"}],"curies":[{"name":"wp","href":"https:\/\/api.w.org\/{rel}","templated":true}]}}