{"id":197,"date":"2024-04-25T14:38:32","date_gmt":"2024-04-25T14:38:32","guid":{"rendered":"https:\/\/www.gounod-nice.fr\/tourism-in-nice-activities-surroundings\/palais-des-expositions\/"},"modified":"2024-07-09T08:00:37","modified_gmt":"2024-07-09T08:00:37","slug":"palais-des-expositions","status":"publish","type":"page","link":"https:\/\/www.gounod-nice.fr\/en\/tourism-in-nice-activities-surroundings\/palais-des-expositions\/","title":{"rendered":"Palais des Expositions"},"content":{"rendered":"<p style=\"text-align: center;\">For a business trip or a cultural getaway, don&#8217;t hesitate to take the opportunity to discover Nice&#8217;s Palais des Expositions.<br \/>\nFrom our luxury hotel, you can easily reach it by public transport, using<strong> bus lines 8 or 12<\/strong>, or the nearby<strong> tramway lines 1 or 2<\/strong>.<\/p>\n<p style=\"text-align: center;\">Every year, this Mecca of Nice culture plays host to numerous events, including shows, exhibitions, concerts, conventions and political meetings.<\/p>\n<p style=\"text-align: center;\">The building also stands out for its unique architecture, featuring an impressive 69-metre-high vault. Its<strong> 17,000 m\u00b2<\/strong> of exhibition space is used to host large-scale events, such as the Foire Internationale de Nice, which takes place every year in March. The venue comprises two large daylight rooms, the Atrium and the Hall. For more intimate, professional events, there&#8217;s also an auditorium and meeting rooms.<\/p>\n<p style=\"text-align: center;\">After your event, it&#8217;s just a few minutes to return to the calm of the H\u00f4tel Gounod and the comfort of your <strong>4-star room or suite<\/strong>. You can also recharge your batteries in the spa of our partner, the Splendid Hotel.<\/p>\n","protected":false},"excerpt":{"rendered":"<p>For a business trip or a cultural getaway, don&#8217;t hesitate to take the opportunity to discover Nice&#8217;s Palais des Expositions. From our luxury hotel, you can easily reach it by public transport, using bus lines 8 or 12, or the nearby tramway lines 1 or 2. Every year, this Mecca of Nice culture plays host [&hellip;]<\/p>\n","protected":false},"author":27,"featured_media":0,"parent":192,"menu_order":0,"comment_status":"closed","ping_status":"closed","template":"template-surroundings.php","meta":{"footnotes":""},"class_list":["post-197","page","type-page","status-publish","hentry"],"yoast_head":"<!-- This site is optimized with the Yoast SEO plugin v27.3 - https:\/\/yoast.com\/product\/yoast-seo-wordpress\/ -->\n<title>Palais des Expositions | H\u00f4tel Gounod Nice<\/title>\n<meta name=\"description\" content=\"D\u00e9couvrez l&#039;H\u00f4tel de luxe Gounod \u00e0 Nice, un boutique h\u00f4tel proche du Palais des Expositions. Design Art d\u00e9co et tradition familiale pour un s\u00e9jour de charme\" \/>\n<meta name=\"robots\" content=\"index, follow, max-snippet:-1, max-image-preview:large, max-video-preview:-1\" \/>\n<link rel=\"canonical\" href=\"https:\/\/www.gounod-nice.fr\/en\/tourism-in-nice-activities-surroundings\/palais-des-expositions\/\" \/>\n<meta property=\"og:locale\" content=\"en_US\" \/>\n<meta property=\"og:type\" content=\"article\" \/>\n<meta property=\"og:title\" content=\"Palais des Expositions | H\u00f4tel Gounod Nice\" \/>\n<meta property=\"og:description\" content=\"D\u00e9couvrez l&#039;H\u00f4tel de luxe Gounod \u00e0 Nice, un boutique h\u00f4tel proche du Palais des Expositions. Design Art d\u00e9co et tradition familiale pour un s\u00e9jour de charme\" \/>\n<meta property=\"og:url\" content=\"https:\/\/www.gounod-nice.fr\/en\/tourism-in-nice-activities-surroundings\/palais-des-expositions\/\" \/>\n<meta property=\"og:site_name\" content=\"Hotel Gounod Nice\" \/>\n<meta property=\"article:modified_time\" content=\"2024-07-09T08:00:37+00:00\" \/>\n<meta name=\"twitter:card\" content=\"summary_large_image\" \/>\n<meta name=\"twitter:label1\" content=\"Est. reading time\" \/>\n\t<meta name=\"twitter:data1\" content=\"1 minute\" \/>\n<script type=\"application\/ld+json\" class=\"yoast-schema-graph\">{\"@context\":\"https:\\\/\\\/schema.org\",\"@graph\":[{\"@type\":\"WebPage\",\"@id\":\"https:\\\/\\\/www.gounod-nice.fr\\\/en\\\/tourism-in-nice-activities-surroundings\\\/palais-des-expositions\\\/\",\"url\":\"https:\\\/\\\/www.gounod-nice.fr\\\/en\\\/tourism-in-nice-activities-surroundings\\\/palais-des-expositions\\\/\",\"name\":\"Palais des Expositions | H\u00f4tel Gounod Nice\",\"isPartOf\":{\"@id\":\"https:\\\/\\\/www.gounod-nice.fr\\\/en\\\/#website\"},\"datePublished\":\"2024-04-25T14:38:32+00:00\",\"dateModified\":\"2024-07-09T08:00:37+00:00\",\"description\":\"D\u00e9couvrez l'H\u00f4tel de luxe Gounod \u00e0 Nice, un boutique h\u00f4tel proche du Palais des Expositions. Design Art d\u00e9co et tradition familiale pour un s\u00e9jour de charme\",\"breadcrumb\":{\"@id\":\"https:\\\/\\\/www.gounod-nice.fr\\\/en\\\/tourism-in-nice-activities-surroundings\\\/palais-des-expositions\\\/#breadcrumb\"},\"inLanguage\":\"en-US\",\"potentialAction\":[{\"@type\":\"ReadAction\",\"target\":[\"https:\\\/\\\/www.gounod-nice.fr\\\/en\\\/tourism-in-nice-activities-surroundings\\\/palais-des-expositions\\\/\"]}]},{\"@type\":\"BreadcrumbList\",\"@id\":\"https:\\\/\\\/www.gounod-nice.fr\\\/en\\\/tourism-in-nice-activities-surroundings\\\/palais-des-expositions\\\/#breadcrumb\",\"itemListElement\":[{\"@type\":\"ListItem\",\"position\":1,\"name\":\"Home\",\"item\":\"https:\\\/\\\/www.gounod-nice.fr\\\/en\\\/\"},{\"@type\":\"ListItem\",\"position\":2,\"name\":\"Tourism in Nice &#8211; Activities &#038; Surroundings\",\"item\":\"https:\\\/\\\/www.gounod-nice.fr\\\/en\\\/tourism-in-nice-activities-surroundings\\\/\"},{\"@type\":\"ListItem\",\"position\":3,\"name\":\"Palais des Expositions\"}]},{\"@type\":\"WebSite\",\"@id\":\"https:\\\/\\\/www.gounod-nice.fr\\\/en\\\/#website\",\"url\":\"https:\\\/\\\/www.gounod-nice.fr\\\/en\\\/\",\"name\":\"Hotel Gounod Nice\",\"description\":\"\",\"potentialAction\":[{\"@type\":\"SearchAction\",\"target\":{\"@type\":\"EntryPoint\",\"urlTemplate\":\"https:\\\/\\\/www.gounod-nice.fr\\\/en\\\/?s={search_term_string}\"},\"query-input\":{\"@type\":\"PropertyValueSpecification\",\"valueRequired\":true,\"valueName\":\"search_term_string\"}}],\"inLanguage\":\"en-US\"}]}<\/script>\n<!-- \/ Yoast SEO plugin. -->","yoast_head_json":{"title":"Palais des Expositions | H\u00f4tel Gounod Nice","description":"D\u00e9couvrez l'H\u00f4tel de luxe Gounod \u00e0 Nice, un boutique h\u00f4tel proche du Palais des Expositions. Design Art d\u00e9co et tradition familiale pour un s\u00e9jour de charme","robots":{"index":"index","follow":"follow","max-snippet":"max-snippet:-1","max-image-preview":"max-image-preview:large","max-video-preview":"max-video-preview:-1"},"canonical":"https:\/\/www.gounod-nice.fr\/en\/tourism-in-nice-activities-surroundings\/palais-des-expositions\/","og_locale":"en_US","og_type":"article","og_title":"Palais des Expositions | H\u00f4tel Gounod Nice","og_description":"D\u00e9couvrez l'H\u00f4tel de luxe Gounod \u00e0 Nice, un boutique h\u00f4tel proche du Palais des Expositions. Design Art d\u00e9co et tradition familiale pour un s\u00e9jour de charme","og_url":"https:\/\/www.gounod-nice.fr\/en\/tourism-in-nice-activities-surroundings\/palais-des-expositions\/","og_site_name":"Hotel Gounod Nice","article_modified_time":"2024-07-09T08:00:37+00:00","twitter_card":"summary_large_image","twitter_misc":{"Est. reading time":"1 minute"},"schema":{"@context":"https:\/\/schema.org","@graph":[{"@type":"WebPage","@id":"https:\/\/www.gounod-nice.fr\/en\/tourism-in-nice-activities-surroundings\/palais-des-expositions\/","url":"https:\/\/www.gounod-nice.fr\/en\/tourism-in-nice-activities-surroundings\/palais-des-expositions\/","name":"Palais des Expositions | H\u00f4tel Gounod Nice","isPartOf":{"@id":"https:\/\/www.gounod-nice.fr\/en\/#website"},"datePublished":"2024-04-25T14:38:32+00:00","dateModified":"2024-07-09T08:00:37+00:00","description":"D\u00e9couvrez l'H\u00f4tel de luxe Gounod \u00e0 Nice, un boutique h\u00f4tel proche du Palais des Expositions. Design Art d\u00e9co et tradition familiale pour un s\u00e9jour de charme","breadcrumb":{"@id":"https:\/\/www.gounod-nice.fr\/en\/tourism-in-nice-activities-surroundings\/palais-des-expositions\/#breadcrumb"},"inLanguage":"en-US","potentialAction":[{"@type":"ReadAction","target":["https:\/\/www.gounod-nice.fr\/en\/tourism-in-nice-activities-surroundings\/palais-des-expositions\/"]}]},{"@type":"BreadcrumbList","@id":"https:\/\/www.gounod-nice.fr\/en\/tourism-in-nice-activities-surroundings\/palais-des-expositions\/#breadcrumb","itemListElement":[{"@type":"ListItem","position":1,"name":"Home","item":"https:\/\/www.gounod-nice.fr\/en\/"},{"@type":"ListItem","position":2,"name":"Tourism in Nice &#8211; Activities &#038; Surroundings","item":"https:\/\/www.gounod-nice.fr\/en\/tourism-in-nice-activities-surroundings\/"},{"@type":"ListItem","position":3,"name":"Palais des Expositions"}]},{"@type":"WebSite","@id":"https:\/\/www.gounod-nice.fr\/en\/#website","url":"https:\/\/www.gounod-nice.fr\/en\/","name":"Hotel Gounod Nice","description":"","potentialAction":[{"@type":"SearchAction","target":{"@type":"EntryPoint","urlTemplate":"https:\/\/www.gounod-nice.fr\/en\/?s={search_term_string}"},"query-input":{"@type":"PropertyValueSpecification","valueRequired":true,"valueName":"search_term_string"}}],"inLanguage":"en-US"}]}},"acf":[],"_links":{"self":[{"href":"https:\/\/www.gounod-nice.fr\/en\/wp-json\/wp\/v2\/pages\/197","targetHints":{"allow":["GET"]}}],"collection":[{"href":"https:\/\/www.gounod-nice.fr\/en\/wp-json\/wp\/v2\/pages"}],"about":[{"href":"https:\/\/www.gounod-nice.fr\/en\/wp-json\/wp\/v2\/types\/page"}],"author":[{"embeddable":true,"href":"https:\/\/www.gounod-nice.fr\/en\/wp-json\/wp\/v2\/users\/27"}],"replies":[{"embeddable":true,"href":"https:\/\/www.gounod-nice.fr\/en\/wp-json\/wp\/v2\/comments?post=197"}],"version-history":[{"count":0,"href":"https:\/\/www.gounod-nice.fr\/en\/wp-json\/wp\/v2\/pages\/197\/revisions"}],"up":[{"embeddable":true,"href":"https:\/\/www.gounod-nice.fr\/en\/wp-json\/wp\/v2\/pages\/192"}],"wp:attachment":[{"href":"https:\/\/www.gounod-nice.fr\/en\/wp-json\/wp\/v2\/media?parent=197"}],"curies":[{"name":"wp","href":"https:\/\/api.w.org\/{rel}","templated":true}]}}